{"id":1207,"date":"2020-02-19T22:50:40","date_gmt":"2020-02-19T20:50:40","guid":{"rendered":"https:\/\/www.internetiturundus.ee\/koolitused\/?page_id=1207"},"modified":"2020-05-29T15:36:57","modified_gmt":"2020-05-29T12:36:57","slug":"muugitingimused","status":"publish","type":"page","link":"https:\/\/www.internetiturundus.ee\/koolitused\/muugitingimused\/","title":{"rendered":"Sevenline O\u00dc m\u00fc\u00fcgitingimused"},"content":{"rendered":"<p>Keskkonna <a href=\"https:\/\/www.internetiturundus.ee\/\">https:\/\/www.internetiturundus.ee\/<\/a> (edaspidi Veebileht) omanik on <a href=\"https:\/\/www.sevenline.ee\/kontakt\/\">Sevenline O\u00dc<\/a>.<\/p>\n<h3><strong>M\u00fc\u00fcgilepingu kehtivus, toote- ja hinnainfo<\/strong><\/h3>\n<p>M\u00fc\u00fcgitingimused kehtivad Veebilehelt toodete ostmisel.<\/p>\n<p>Veebilehel m\u00fc\u00fcdavate toodete hinnad on m\u00e4rgitud toodete juurde.<\/p>\n<p>Teave toote kohta on esitatud Veebilehel vahetult toote juures.<\/p>\n<h3>Koolitusele registreerumine ja tellimuse vormistamine<\/h3>\n<p>Koolitusele registreerumiseks ehk toote tellimiseks tuleb Veebilehe e-poes lisada soovitud toode ostukorvi ja tellimuse vormistamiseks tuleb t\u00e4ita n\u00f5utud andmev\u00e4ljad.<\/p>\n<p>Seej\u00e4rel kuvatakse tasu suurus, mille saab tasuda pangalingi kaudu v\u00f5i kaardiga. Arveldamine toimub eurodes.<\/p>\n<p>Internetip\u00f5hise koolituse ostmisel antakse peale arve tasumist ligip\u00e4\u00e4su paroolid ning link koolitusele. Nende andmetega p\u00e4\u00e4seb klient ostetud koolitustele ligi igal ajal alates tasumisest.<\/p>\n<p>Leping j\u00f5ustub alates tasumisele kuuluva summa laekumisest Veebilehe omaniku arvelduskontole. Kui tellimust ei ole v\u00f5imalik t\u00e4ita, teavitatakse sellest ostjat esimesel v\u00f5imalusel ning tagastatakse tasutud raha viivitamata, kuid mitte hiljem kui 14 p\u00e4eva jooksul teate saatmisest.<\/p>\n<h3><strong>Makseviisid<\/strong><\/h3>\n<p>Maksta saab Eesti pangalinke ja kaardimakset kasutades, mida pakub Maksekeskus AS.<\/p>\n<h3><strong>Tellitud koolituse kasutamine<\/strong><\/h3>\n<p>Kliendil on peale ligip\u00e4\u00e4su paroolide saamist \u00f5igus Veebilehele sisse logida ning materjale \u00f5ppeesm\u00e4rkidel kasutada kuni 3 kuud.<\/p>\n<p>Materjalide kopeerimine, levitamine ja ilma loata kasutamine on keelatud.<\/p>\n<h3><strong>Taganemis\u00f5igus<\/strong><\/h3>\n<p>14-p\u00e4evane tagastamis\u00f5igus kehtib juhul, kui koolitusel osaleja ei ole \u00f5ppekeskkonda sisse loginud ja\/v\u00f5i \u00f5ppematerjale kasutanud.<\/p>\n<p>Kui koolitusmaterjalid on koolitusel osaleja poolt juba avatud, siis vastavalt V\u00d5S \u00a7 53 lg 4 ei ole v\u00f5imalik toodet tagastada ning taganemis\u00f5igus ei kehti.<\/p>\n<p>Kauba tagastamiseks tuleb esitada kauba ostmisest taganemise avaldus ning saata see lehe l\u00f5pus toodud e-posti aadressile hiljemalt 14 p\u00e4eva jooksul koolituse tellimisest.<\/p>\n<p>Veebileht tagastab kliendi pangakontole mitte hiljem kui 14 p\u00e4eva m\u00f6\u00f6dumisel arvates taganemisavalduse saamisest k\u00f5ik ostjalt lepingu alusel saadud tasud.<\/p>\n<h3><strong>Pretensiooni esitamise \u00f5igus<\/strong><\/h3>\n<p>Veebileht vastutab ostjale m\u00fc\u00fcdud toote lepingutingimustele mittevastavuse v\u00f5i puuduse eest, mis oli olemas juba asja \u00fcleandmise hetkel alates kauba \u00fcleandmisest ostjale.<\/p>\n<p>Kui Veebilehelt ostetud tootel on puudused, mille eest Veebileht vastutab, parandab v\u00f5i asendab Veebileht puudusega toote.<\/p>\n<p>Veebileht vastab kliendi esitatud kaebusele kirjalikult v\u00f5i kirjalikku taasesitamist v\u00f5imaldavas vormis 15 p\u00e4eva jooksul.<\/p>\n<h3><strong>Otseturustus ja isikuandmete t\u00f6\u00f6tlemine<\/strong><\/h3>\n<p>Veebileht kasutab ostja poolt sisestatud isikuandmeid vastavalt <a href=\"https:\/\/www.internetiturundus.ee\/koolitused\/privaatsus\/\">Isikuandmete kaitse ja privaatsuspoliitikale<\/a>.<\/p>\n<p>Veebileht edastab maksete teostamiseks vajalikud isikuandmed volitatud t\u00f6\u00f6tleja Maksekeskus AS-le.<\/p>\n<p>Veebileht saadab ostjale uudiskirju ning pakkumisi ja ostjal on igal ajal v\u00f5imalik loobuda nendest, andes sellest teada lehe l\u00f5pus toodud e-posti aadressile v\u00f5i j\u00e4rgides pakkumisi sisaldava e-kirjas toodud juhiseid.<\/p>\n<h3><strong>Vaidluste lahendamine<\/strong><\/h3>\n<p>Kui ostjal on Veebilehe osas pretensioone, tuleb need saata lehe l\u00f5pus toodud e-posti aadressile.<\/p>\n<p><!--p>Kui ostja ja Veebileht ei suuda lahenda vaidlust kokkuleppe teel, siis on ostjal v\u00f5imalik p\u00f6\u00f6rduda Tarbijakaitse ja Tehnilise J\u00e4relvalve Ameti poole.\n\nTarbijakaitse ja Tehnilise J\u00e4relvalve Ameti p\u00e4devuses on lahendada ostja ja Koolituskeskuse vahel s\u00f5lmitud lepingust tulenevaid vaidlusi. Ostja kaebuse l\u00e4bivaatamine on tasuta.\n\nOstja v\u00f5ib p\u00f6\u00f6rduda Euroopa Liidu tarbijavaidlusi lahendava platvormi\u00a0<a href=\"https:\/\/ec.europa.eu\/consumers\/odr\/main\/index.cfm?event=main.home.chooseLanguage\">poole<\/a>.<\/p-->Kontakt info@sevenline.ee<\/p>\n","protected":false},"excerpt":{"rendered":"<p>Keskkonna https:\/\/www.internetiturundus.ee\/ (edaspidi Veebileht) omanik on Sevenline O\u00dc. M\u00fc\u00fcgilepingu kehtivus, toote- ja hinnainfo M\u00fc\u00fcgitingimused kehtivad Veebilehelt toodete ostmisel. Veebilehel m\u00fc\u00fcdavate [&hellip;]<\/p>\n","protected":false},"author":1,"featured_media":0,"parent":0,"menu_order":0,"comment_status":"closed","ping_status":"closed","template":"","meta":{"site-sidebar-layout":"default","site-content-layout":"default","ast-site-content-layout":"","site-content-style":"default","site-sidebar-style":"default","ast-global-header-display":"","ast-banner-title-visibility":"","ast-main-header-display":"","ast-hfb-above-header-display":"","ast-hfb-below-header-display":"","ast-hfb-mobile-header-display":"","site-post-title":"","ast-breadcrumbs-content":"","ast-featured-img":"","footer-sml-layout":"","theme-transparent-header-meta":"default","adv-header-id-meta":"","stick-header-meta":"","header-above-stick-meta":"","header-main-stick-meta":"","header-below-stick-meta":"","astra-migrate-meta-layouts":"default","ast-page-background-enabled":"default","ast-page-background-meta":{"desktop":{"background-color":"","background-image":"","background-repeat":"repeat","background-position":"center center","background-size":"auto","background-attachment":"scroll","background-type":"","background-media":"","overlay-type":"","overlay-color":"","overlay-opacity":"","overlay-gradient":""},"tablet":{"background-color":"","background-image":"","background-repeat":"repeat","background-position":"center center","background-size":"auto","background-attachment":"scroll","background-type":"","background-media":"","overlay-type":"","overlay-color":"","overlay-opacity":"","overlay-gradient":""},"mobile":{"background-color":"","background-image":"","background-repeat":"repeat","background-position":"center center","background-size":"auto","background-attachment":"scroll","background-type":"","background-media":"","overlay-type":"","overlay-color":"","overlay-opacity":"","overlay-gradient":""}},"ast-content-background-meta":{"desktop":{"background-color":"var(--ast-global-color-5)","background-image":"","background-repeat":"repeat","background-position":"center center","background-size":"auto","background-attachment":"scroll","background-type":"","background-media":"","overlay-type":"","overlay-color":"","overlay-opacity":"","overlay-gradient":""},"tablet":{"background-color":"var(--ast-global-color-5)","background-image":"","background-repeat":"repeat","background-position":"center center","background-size":"auto","background-attachment":"scroll","background-type":"","background-media":"","overlay-type":"","overlay-color":"","overlay-opacity":"","overlay-gradient":""},"mobile":{"background-color":"var(--ast-global-color-5)","background-image":"","background-repeat":"repeat","background-position":"center center","background-size":"auto","background-attachment":"scroll","background-type":"","background-media":"","overlay-type":"","overlay-color":"","overlay-opacity":"","overlay-gradient":""}},"footnotes":""},"class_list":["post-1207","page","type-page","status-publish","hentry"],"_links":{"self":[{"href":"https:\/\/www.internetiturundus.ee\/koolitused\/wp-json\/wp\/v2\/pages\/1207","targetHints":{"allow":["GET"]}}],"collection":[{"href":"https:\/\/www.internetiturundus.ee\/koolitused\/wp-json\/wp\/v2\/pages"}],"about":[{"href":"https:\/\/www.internetiturundus.ee\/koolitused\/wp-json\/wp\/v2\/types\/page"}],"author":[{"embeddable":true,"href":"https:\/\/www.internetiturundus.ee\/koolitused\/wp-json\/wp\/v2\/users\/1"}],"replies":[{"embeddable":true,"href":"https:\/\/www.internetiturundus.ee\/koolitused\/wp-json\/wp\/v2\/comments?post=1207"}],"version-history":[{"count":5,"href":"https:\/\/www.internetiturundus.ee\/koolitused\/wp-json\/wp\/v2\/pages\/1207\/revisions"}],"predecessor-version":[{"id":2402,"href":"https:\/\/www.internetiturundus.ee\/koolitused\/wp-json\/wp\/v2\/pages\/1207\/revisions\/2402"}],"wp:attachment":[{"href":"https:\/\/www.internetiturundus.ee\/koolitused\/wp-json\/wp\/v2\/media?parent=1207"}],"curies":[{"name":"wp","href":"https:\/\/api.w.org\/{rel}","templated":true}]}}