{"id":3,"date":"2019-09-03T08:37:53","date_gmt":"2019-09-03T08:37:53","guid":{"rendered":"https:\/\/www.internetiturundus.ee\/koolitused\/?page_id=3"},"modified":"2020-03-08T14:28:44","modified_gmt":"2020-03-08T12:28:44","slug":"privaatsus","status":"publish","type":"page","link":"https:\/\/www.internetiturundus.ee\/koolitused\/privaatsus\/","title":{"rendered":"Isikuandmete kaitse ja privaatsuspoliitika"},"content":{"rendered":"<div class=\"page-content entry-content\">\n<p>K\u00e4esolev privaatsuspoliitika \u00fclevaade annab infot selle kohta, kuidas ja milleks Sevenline O\u00dc [edaspidi Firma] kodulehe k\u00fclastajate andmeid (sh p\u00e4ringu saatjad, kliendilepingu s\u00f5lmijad) kogub, t\u00f6\u00f6tleb, jagab. Privaatsuspoliitika l\u00e4htub andmekaitse \u00fcldregulatsioonist (GDPR \u2013 General Data Protection Regulation), millega saab l\u00e4hemalt tutvuda ametlikul veebilehel <a href=\"https:\/\/www.eugdpr.org\/eugdpr.org-1.html\" target=\"_blank\" rel=\"noopener noreferrer\">https:\/\/www.eugdpr.org\/eugdpr.org-1.html<\/a>.<\/p>\n<p>Privaatsuspoliitika eesm\u00e4rk on tagada klientide privaatsus koosk\u00f5las Eesti Vabariigi seaduste ja Euroopa Liidu \u00f5igusaktidega.<\/p>\n<p>\u201eIsikuandmetena\u201c kajastuvad mis tahes teave tuvastatud v\u00f5i tuvastatava f\u00fc\u00fcsilise isiku kohta. N\u00e4iteks nimi, telefoninumber, postiaadress, e-posti aadress. Samuti kuulub \u201cisikuandmete\u201d alla Firma poolt kogutav teave \u2013 kodulehe k\u00fclastused, erinevad sotsiaalmeedia kanalid ja meie poolt pakutavate teenuste kasutamine.<\/p>\n<p><strong>Kasutades Firmale kuuluvat veebilehte, n\u00f5ustute k\u00fcpsiste kasutamisega ja isikuandmete t\u00f6\u00f6tlemise tingimustega, mis on kirjeldatud meie Privaatsuspoliitikas. <\/strong>Privaatsuspoliitika ja k\u00fcpsised kodulehel on kehtiv alates 25.05.2018. K\u00f5ik varem kogutud andmed vajavad \u201cisikuandmete\u201d kontrollimist ja koosk\u00f5lastamist ning vastavusse viimist GDPR seaduses etten\u00e4htud punktidega.<\/p>\n<h2>Kelle andmeid Firma t\u00f6\u00f6tleb?<\/h2>\n<p>GDPR k\u00fcsimusi puudutavate k\u00fcsimuste korral kirjuta lehe l\u00f5pus toodud kontaktidel.<\/p>\n<p>Firma kasutab nende andmeid, kes on saatnud sooviavalduse (k\u00fcsimuse n\u00e4iteks kontaktivormi v\u00f5i e-kirja kaudu) meie teenuste kohta v\u00f5i on varem kasutanud teenuseid v\u00f5i on siiani kasutamas teenuseid. Kogume ja kasutame p\u00fcsiklientide ja kontakteerunud isikute (sealhulgas \u201cvanad\u201d ehk \u201cmitteaktiivsed kliendid\u201d) andmeid. Kasutame andmeid, mis on kogutud avalikest allikatest (selles sisaldub ka kolmanda osapoole soovitusena saadetud avalik info).<\/p>\n<h2>Isikuandmete t\u00f6\u00f6tlemise eesm\u00e4rgid ja \u00f5iguslikud alused<\/h2>\n<p>Firma klientide ehk teenuste kasutajate isikuandmeid t\u00f6\u00f6tleme selleks, et t\u00e4ita oma lepingulisi kohustusi. Klientide isikuandmeid ja ka neilt saadud infot kasutame selleks, et pakkuda olemasolevatele klientidele (ja ka potentsiaalsetele) kvaliteetsemat teenust ja t\u00e4psemat infot. <em>Kui Firma t\u00f6\u00f6tleb isikuandmeid mainitud eesm\u00e4rkidel, siis on kogutud isikuandmete t\u00f6\u00f6tlemise \u00f5iguslikuks aluseks meie \u00f5igustatud huvi tagada pakutava teenuse korrektne ja v\u00f5imalusel kvaliteetsem osutamine.<\/em><\/p>\n<p>Firma turunduskanalitest (sh koduleht, sotsiaalmeedia) kogume andmeid kanalite toimuvuse ja kasutusotstarbekuse kohta. Lisaks kogume v\u00f5imalusel andmeid potentsiaalsete klientide huvide ja eesm\u00e4rkide kohta, et t\u00f5sta enda kliendisuhtluse taset, m\u00f5istes paremini klientide tegelikke huve ja eesm\u00e4rke ning pakkuda kvaliteetsemat teenust, t\u00e4psemat informatsiooni ja tagada (t\u00e4iustada) Firma kodulehe funktsionaalsuse kasutajas\u00f5bralikkus. <em>Kui Firma t\u00f6\u00f6tleb isikuandmeid mainitud eesm\u00e4rkidel on t\u00f6\u00f6tlemise \u00f5iguslikuks aluseks meie \u00f5igustatud huvi m\u00f5ista paremini klientide vajadus, et tagada paremat teenust.<\/em><\/p>\n<p><em>N\u00c4IDE.<\/em> Firma t\u00f6\u00f6tleb andmeid: teenusep\u00e4ringute kohta; meie poolt saadetud uudiskirjade avamise lugemise ja kirjas sisalduvate v\u00e4ljuvate linkide (suunamised m\u00f5nele kodulehele) kasutamise kohta; klientide poolt saadetud tagasiside, et parandada ja t\u00e4iustada pakutava teenuse kvaliteeti.<\/p>\n<p><strong>Firma t\u00f6\u00f6tleb isikuandmeid v\u00e4ljatoodud eesm\u00e4rkidel:<\/strong> kliendibaasi loomine ja haldamine; kliendile uute teenuste pakkumine ja olemasolevate teenuste t\u00e4iendamine (parendamine); kliendi (sh potentsiaalse) p\u00e4ringutele korrektne vastamine; Firma teenuste anal\u00fc\u00fcsimine, t\u00e4iustamine; Firma turunduskanalite (sh koduleht) haldamine ja parem toimimine.<\/p>\n<h2>Kuidas Firma isikuandmeid kogub<\/h2>\n<p>Isikuandmeid kogume otse andmesubjektidelt koos nende n\u00f5usolekuga, kas e-kirja teel, p\u00e4ringuvormiga tagasiside saades (sh n\u00f5ustudes meilt kirju saama).\u00a0Lisaks kasutame automaatseid andmekogumisvahendeid (nt kodulehe anal\u00fc\u00fcsiprogramm\u00a0<a href=\"https:\/\/www.google.com\/analytics\/#?modal_active=none\" target=\"_blank\" rel=\"noopener noreferrer\">Google Analytics<\/a>), sealhulgas k\u00fcpsiseid (salvestavad kodulehe kasutustegevust) ja teisi j\u00e4lgimisvahendeid, mis aitavad kaasa Firma kodulehe kasutajakogemuse paremaks optimeerimiseks ja tagavad seel\u00e4bi pakutavate teenuste k\u00f5rge kvaliteedi ja kliendile mugava navigeerimise kodulehel.<\/p>\n<p><strong>Kodulehel kasutame k\u00fcpsiseid (Cookies) ja pikslisilte (Pixel), mis on vabatahtlikud igale kodulehe k\u00fclastajale ja on v\u00f5imalik keelduda.<\/strong><\/p>\n<p><strong>K\u00fcpsis<\/strong>\u00a0(<a href=\"https:\/\/en.wikipedia.org\/wiki\/HTTP_cookie\" target=\"_blank\" rel=\"noopener noreferrer\">cookie<\/a>) on v\u00e4ikesemahuline tekstifail, mille veebiserver saadab kasutaja veebilehitsejale (<em>Web Browser<\/em>\u00a0\u2013 nt Chrome, Safari, Firefox, Internet Explorer, Opera) ja mis salvestatakse kasutaja arvuti k\u00f5vakettale (tavaliselt\u00a0<em>Temporary files<\/em>\u00a0alla). K\u00fcpsised v\u00f5imaldavad meelde j\u00e4tta kasutaja eelistused (n\u00e4iteks kasutatav kirjasuurus, suhtluskeel, arvuti asukoht, seadmeinfo, enim k\u00fclastatud veebilehed \/ aadressid jms info), et pakkuda kliendile veebisirvija (mainitud\u00a0<em>Web Browser<\/em>\u2019d) kiiremat ja \u201ctargemat\u201d tegutsemist. Veebilehitsejad on vaikimisi m\u00e4\u00e4ratud k\u00fcpsiseid lubama, aga on j\u00e4etud v\u00f5imalus manuaalselt seadeid muuta\u00a0sellliseks, et veebilehitseja keeldub k\u00fcpsistest, blokeerib kolmandate osapoolte k\u00fcpsised,\u00a0teavitab kasutajat igast saadetud k\u00fcpsisest. Kui viimane punkt pole aktiveeritud, siis seda on kindlasti soovituslik teha, et tekiks \u00fclevaade kodulehtedest, mis salvestavad kasutaja isikuandmeid.<\/p>\n<p><strong>Pikslisilt<\/strong>\u00a0on v\u00e4ike veebisaidi koodil\u00f5ik, mis\u00a0v\u00f5imaldab k\u00fcpsiseid paigaldada ja lugeda. Pikslisildid k\u00e4ivituvad, kui kasutaja avab n\u00e4iteks m\u00f5ne e-kirja, saabub veebisaidile. Seej\u00e4rel registreeritakse, et kasutaja on e-kirja avanud v\u00f5i laaditakse alla kolmandate isikute k\u00fcpsiseid.<\/p>\n<h3>Firma poolt kasutatavad k\u00fcpsised:<\/h3>\n<ul>\n<li>Seansik\u00fcpsised (ajutised k\u00fcpsised). Seansik\u00fcpsised on ajutised ning kaovad, kui veebilehelt lahkute v\u00f5i oma veebilehitseja sulgete. Seansik\u00fcpsiseid v\u00f5idakse kasutada veebilehe teatud funktsioonide, sisse logimiseks ja ostukorvi jaoks. Kasutuseesm\u00e4rk on v\u00f5imaldada meie teenuse kasutamist.<\/li>\n<li>P\u00fcsik\u00fcpsised (kui k\u00fclastaja annab n\u00f5usoleku, siis salvestuvad kasutaja arvutisse p\u00e4rast veebilehitseja sulgemist), mille eesm\u00e4rk on pidada meeles kliendi valikuid Firma veebilehtedel. P\u00fcsik\u00fcpsiseid v\u00f5idakse kasutada n\u00e4iteks teie kui veebilehe korduvk\u00fclastaja \u00e4ratundmiseks (nt <a href=\"https:\/\/support.google.com\/adwords\/answer\/2453998?hl=en\" target=\"_blank\" rel=\"noopener noreferrer\">Google ReMarketing<\/a>\u00a0ehk\u00a0<a href=\"https:\/\/kodulehe-tegemine.eu\/google-reklaam\/google-adwords-remarketing-jarelturundus\/\" target=\"_blank\" rel=\"noopener noreferrer\">j\u00e4relturundus<\/a>\u00a0funktsiooni kasutamiseks) ja veebilehe sisu kohandamiseks vastavalt teie vajadustele v\u00f5i statistiliste andmete kogumiseks.<\/li>\n<\/ul>\n<p>K\u00fcpsiseid kasutatakse meie veebilehtedel, et pakkuda Firma kodulehe k\u00fclastajale paremat kasutajakogemust. K\u00fcpsised v\u00f5imaldavad meie veebiserveritel \u00e4ra tunda Firma kodulehe ja kohandada kodulehe (kliendile kuvatava reklaami) sisu automaatselt nii, et see sobiks teie vajadustega, kui te lehte edasi k\u00fclastate ja ka tulevikus uuesti lehele satute. K\u00fcpsiste kasutamine lihtsustab kodulehe kasutajate vajaduste \u00e4ratundmist. K\u00fcpsised v\u00f5imaldavad koguda kasutajastatistikat, mis aitab meil m\u00f5\u00f5ta ja parandada meie kodulehe toimivust.<\/p>\n<p>Firma poolt kasutatavad k\u00fcpsised v\u00f5ivad olla loodud erinevate teenusepakkujate poolt, kes aitavad meil oma veebiteenuseid edendada. Sellised pakkujad on n\u00e4iteks Google ja Facebook \u2013 neist l\u00e4hemalt punktis \u201ct\u00e4psem k\u00fcpsiste kasutamine\u201d.<\/p>\n<p><strong>Meie veebilehtede kasutajad loetakse k\u00fcpsistega n\u00f5ustunuks, kui nende veebilehitseja seadistustes on k\u00fcpsised lubatud.<\/strong>\u00a0Kui te k\u00fcpsistega ei n\u00f5ustu, ei pruugi k\u00f5ik meie kodulehe teenused ja funktsioonid olla korrektselt toimivad.<\/p>\n<p>Te saate alati ise otsustada, kas k\u00fcpsised oma veebilehitse s\u00e4tetes lubada v\u00f5i mitte. Kui te k\u00fcpsiseid ei soovi, seadistage oma veebilehitseja nii, et see keelab automaatselt k\u00fcpsised \u00e4ra v\u00f5i teatab teile iga kord, kui veebileht palub luba k\u00fcpsise lisamiseks. Vajalike seadistuste tegemiseks palun tutvuge oma veebilehitseja abifunktsiooniga.<\/p>\n<h3>T\u00e4psem k\u00fcpsiste kasutamine Firma poolt:<\/h3>\n<ol>\n<li>Anal\u00fc\u00fctilisied k\u00fcpsised. Koguvad teavet, kuidas veebilehte kasutatakse \u2013 millistel sisulehtel viibitakse ja kaua viibitakse; milliseid sisulehti kasutatakse k\u00f5ige rohkem; mida otsitakse kodulehelt jms. Anal\u00fc\u00fctilised k\u00fcpsised ei kogu teavet, et oleks v\u00f5imalus veebilehe kasutaja otseselt tuvastada. Anal\u00fc\u00fctilised k\u00fcpsised on n\u00e4iteks Google Analyticsi k\u00fcpsised. Firma kodulehed kasutavad Google Analyticsi andmeid, mida kogutakse peamiselt Google Analyticsi osutatavate teenuste kaudu ja sellele kehtivad Google Analyticsi tingimused. Kodulehe sobimatu kasutuse kaitseks v\u00f5ime kasutada t\u00f6\u00f6riista Google Invisible reCAPTCHA, mis kogub riist- ja tarkvara andmeid, n\u00e4iteks seadme ja rakenduse andmeid ja teenuse terviklikkuse kontrollimiste tulemusi, samuti unikaalseid veebiidentifikaatoreid, nagu IP-aadress, ja saadab need andmed Google\u2019ile anal\u00fc\u00fcsimiseks. Seda teenust ( \u201ck\u00fcpsisted\u201d aktiveeritud) kasutades n\u00f5ustute isikuandmete edastamisega Google Analyticsile teenuse terviklikkuse kontrollimiseks ja ainult veebisaidi ohutuks kasutamiseks vajalike meetmete rakendamiseks.<\/li>\n<li>Reklaamik\u00fcpsiseid. Aitavad pakkuda (kuvada m\u00f5nes reklaamv\u00f5rgustikus) kasutaja huvidele sihitud reklaame. N\u00e4iteks Firma kodulehele on lisatud Facebook Pixel kood, mis aitab k\u00fclastajale kuvada sihitud reklaame Facebookis. Kui ei soovi Firma veebilehe reklaami Facebookis enam n\u00e4ha, siis saab selle keelata Facebooki eelistuste all. Avate <a href=\"https:\/\/www.facebook.com\/ads\/preferences\" target=\"_blank\" rel=\"noopener noreferrer\">https:\/\/www.facebook.com\/ads\/preferences<\/a>ja kustutate \u201creklaamijad, kellega oled suhelnud\u201d k\u00f5ik kodulehed, kelle reklaami edaspidi ei soovi n\u00e4ha.<\/li>\n<\/ol>\n<p><strong>Kasutajal on \u00f5igus keelduda k\u00fcpsiste salvestamisest arvutisse<\/strong>. Kasutaja peab muutma oma veebilehitseja seadeid. Enimlevinud veebisirvijate seadistamise juhendid:<\/p>\n<p>Chrome:\u00a0<a href=\"https:\/\/support.google.com\/chrome\/answer\/95647?hl=en\" target=\"_blank\" rel=\"noopener noreferrer\">https:\/\/support.google.com\/chrome\/answer\/95647?hl=en<\/a>\u00a0;<br \/>\nSafari:\u00a0<a href=\"https:\/\/support.apple.com\/guide\/safari\/manage-cookies-and-website-data-sfri11471\/mac\" target=\"_blank\" rel=\"noopener noreferrer\">https:\/\/support.apple.com\/guide\/safari\/manage-cookies-and-website-data-sfri11471\/mac<\/a><br \/>\nFirefox:\u00a0<a href=\"http:\/\/support.mozilla.org\/en-US\/kb\/Clear%20Recent%20History\" target=\"_blank\" rel=\"noopener noreferrer\">http:\/\/support.mozilla.org\/en-US\/kb\/Clear%20Recent%20History<\/a>\u00a0;<br \/>\nOpera:\u00a0<a href=\"http:\/\/www.opera.com\/browser\/tutorials\/security\/privacy\" target=\"_blank\" rel=\"noopener noreferrer\">http:\/\/www.opera.com\/browser\/tutorials\/security\/privacy<\/a>\u00a0;<br \/>\nCrome Explorer:\u00a0<a href=\"http:\/\/support.microsoft.com\/kb\/278835\" target=\"_blank\" rel=\"noopener noreferrer\">http:\/\/support.microsoft.com\/kb\/278835<\/a>\u00a0;<\/p>\n<p><strong>K\u00fcpsiste blokeerimisel peab arvestama, et k\u00f5ik veebilehe funktsioonid ei pruugi enam k\u00e4ttesaadavad olla.<\/strong>\u00a0K\u00fcpsised saab hiljem uuesti ka manuaalselt veebisirvijas aktiveerida.<\/p>\n<h2>Firma poolt t\u00f6\u00f6deldavad isikuandmed<\/h2>\n<p><strong>Kontaktanded<\/strong>: nimi,\u00a0postiaadress, e-posti aadress, telefoninumber.<\/p>\n<p><strong>P\u00e4ringu-, tagasiside-, kliendilepingu vormi t\u00e4itmise k\u00e4igus ja e-kirja saates tekkivad andmed<\/strong>: ettev\u00f5tte nimi, isikukood\/registrikood, k\u00e4ibemaksukohuslase nr, juriidiline aadress, kliendi eelistused seoses Firma teenustega, tagasisidevormis v\u00e4lja toodud andmed, p\u00e4ringuvormis edastatud andmed, e-kirjaga saadetud andmed Firma kontaktidele.<\/p>\n<p>Firma on isikuandmete vastutav t\u00f6\u00f6tleja ja edastab maksete teostamiseks vajalikud isikuandmed volitatud t\u00f6\u00f6tleja Maksekeskus AS-le.<\/p>\n<p><strong>Automaatselt kogutavad andmed:\u00a0<\/strong>kasutaja veebibrauserilt saadud andmed (nt veebisirvija liik), seadme t\u00fc\u00fcp (seade, millega viibiti kodulehel), suhtluskeel, veebisaidi aadress (Firma kodulehele saabuv sissetulev link, milliseid sisulehti kasutaja uuris, kaua teatud lehtedel viibis, kasutaja IP-aadress ja muud taolised kodulehestatistika andmed.<\/p>\n<p><strong>Firma poolt saadetavate e-kirjade (uudiskirjade) saatmisega kogutavad andmed<\/strong>: andmed selle kohta,\u00a0milliseid kirju, palju ning millal ja kuidas kasutaja avas.<\/p>\n<p><strong>Muud isikuandmed<\/strong>: andmed, mille olete teinud avalikult k\u00e4ttesaadavaks v\u00f5i meile\u00a0k\u00e4ttesaadavaks kolmandate isikute sotsiaalv\u00f5rgustikes nagu Facebook, Twitter, Google Plus, Instagram jms.<\/p>\n<p>Isikuandmete eriliike Firma ei t\u00f6\u00f6tle.<\/p>\n<h2>Isikuandmete jagamine Firma poolt<\/h2>\n<p>Firma <!--ei edasta kliendi andmeid v\u00e4ljapoole Euroopa (EU) Majanduspiirkonda ja -->ei jaga isikuandmeid kolmandatele osapooltele (va j\u00e4rgmises punktis v\u00e4lja toodud tingimustel). K\u00f5iki andmeid kasutatakse ainult kliendisuhtluseks ja toote-, teenusearenduse eesm\u00e4rgil. <strong>Isikuandmeid v\u00f5ime jagada j\u00e4rgmistel juhtudel:<\/strong>v\u00f5lgade sisse n\u00f5udmise; Riikliku j\u00e4relvalve asutused ja Politsei; Avalik tagasiside kliendi n\u00f5usolekul.<\/p>\n<h2>Teie isikuandmete s\u00e4ilitamine ja turvalisus<\/h2>\n<p>Firma v\u00f5ib saata klientidele teavet teenuste, pakkumiste ja uudiste kohta, kui klient on meile ise andnud oma kontaktandmed v\u00f5i n\u00f5ustunud saama meilt teavet. Teavet saab klient niikaua, kuni klient palub viimaste tegevuste l\u00f5petamist v\u00f5i lahkub uudiskirja saajate grupist.<\/p>\n<p><strong>Firma s\u00e4ilitab isikuandmeid<\/strong>\u00a0nii kaua, kuni see on nende kogumise eesm\u00e4rgi\u00a0saavutamiseks vajalik. Andmete s\u00e4ilitamise t\u00e4htaeg s\u00f5ltub ka vajadusest vastata andmesubjektide\u00a0p\u00e4ringutele, lahendada erinevaid probleeme ja vajadust t\u00e4ita seadusej\u00e4rgseid dokumentide s\u00e4ilitamise n\u00f5udeid.<\/p>\n<p>Kui \u00f5igusaktid isikuandmete s\u00e4ilitamist ei n\u00f5ua ja Firma neid ei vaja, kustutame me need isikuandmed. Sel juhul v\u00f5ime antud isikuandmeid kasutada ainult statistilistel eesm\u00e4rkidel ja \u00fcksnes pseudon\u00fcmiseeritud (anon\u00fcmiseeritud) kujul.<\/p>\n<p>Isikuandmete\u00a0<strong>turvalisuse koha pealt p\u00fc\u00fcame teha k\u00f5ik v\u00f5imaliku<\/strong>, et v\u00e4ltida andmetele loata juurdep\u00e4\u00e4su. Firma poolt kogutavate ja t\u00f6\u00f6deldavate isikuandmete kaitseks on kehtestanud m\u00f5istlikud kaitsemeetmed tehniliste ja f\u00fc\u00fcsiliste piirangutega. Tagame andmetele juurdep\u00e4\u00e4su l\u00e4htudes \u00fcksnes kehtivatest \u00f5igusaktidest ja sealjuures kaitseme maksimaalselt isikuandmete konfidentsiaalsust.<\/p>\n<p>Kui on k\u00fcsimusi Teie isikuandmete s\u00e4ilitamise v\u00f5i turvalisuse kohta, siis palun kirjutada lehe l\u00f5pus toodud kontaktidel.<\/p>\n<h2>Kliendi\u00a0\u00f5igused<\/h2>\n<p>Kliendil on \u00f5igus p\u00e4\u00e4seda ligi Firma poolt t\u00f6\u00f6deldavatele ja s\u00e4ilitatavatele <strong>Kliendi enda<\/strong>\u00a0isikuandmetele ja \u00f5igus n\u00f5uda ebat\u00e4psuste korrigeerimist.<\/p>\n<p>Firma poolt saadud turundusteatest loobumiseks j\u00e4rgige palun turundusteate jaluses (Footeris) olevaid loobumisjuhiseid v\u00f5i kirjutage kodulehe p\u00e4ringuvormi sellekohane sooviavaldus v\u00f5i saatke e-kiri aadressil lehe l\u00f5pus toodud kontaktidel.<\/p>\n<p>Firma peab j\u00e4rgima mitmeid kliendi\u00f5iguseid: parandamis\u00f5igusega on kliendil \u00f5igus n\u00f5uda, et temaga seotud eba\u00f5iged isikuandmed viivituseta korrigeeritaks; Kliendil on \u00f5igus n\u00f5uda tema andmete kustutamist, kui on t\u00e4idetud teatud lisatingimused. Kliendil on \u00f5igus n\u00f5uda enda isikuandmete t\u00f6\u00f6tlemist.<\/p>\n<p>Kui isikuandmete t\u00f6\u00f6tlemise aluseks on kliendi n\u00f5usolek, siis on kliendi \u00f5igus\u00a0see n\u00f5usolek igal ajal tagasi v\u00f5tta.<\/p>\n<p>Kui on k\u00fcsimusi oma \u00f5iguste kohta v\u00f5i soovite rakendada m\u00f5nda allolevat punkti, siis palun saata vastavasisuline kiri lehe l\u00f5pus toodud kontaktidel. Kui Firma poolt pakutud lahendus ei rahulda teid, siis on teil \u00f5igus p\u00f6\u00f6rduda Eesti Vabariigi Andmekaitse Inspektsiooni poole.<\/p>\n<h2>Muud S\u00e4tted<\/h2>\n<p>Firma v\u00f5ib k\u00e4esolevaid tingimusi aeg-ajalt \u00fchepoolselt muuta ja sellest ette teatamata, et kindlustada meie vastavus seadustele ja\/v\u00f5i k\u00fcpsiseid puudutavatele \u00fcldiselt tunnustatud tavadele. K\u00e4esolevale privaatsuspoliitikale kohalduvad Eesti Vabariigi seadused.<\/p>\n<p>Firma privaatsustingimuste kopeerimine ja kasutamine on ilma vastavasisulise n\u00f5usolekuta rangelt keelatud. Kui teil on k\u00fcsimusi, siis v\u00f5tke meiega \u00fchendust saates kirja lehe l\u00f5pus toodud kontaktidel<\/p>\n<p>info@sevenline.ee<\/p>\n<\/div>\n","protected":false},"excerpt":{"rendered":"<p>K\u00e4esolev privaatsuspoliitika \u00fclevaade annab infot selle kohta, kuidas ja milleks Sevenline O\u00dc [edaspidi Firma] kodulehe k\u00fclastajate andmeid (sh p\u00e4ringu saatjad, [&hellip;]<\/p>\n","protected":false},"author":1,"featured_media":0,"parent":0,"menu_order":0,"comment_status":"closed","ping_status":"open","template":"","meta":{"site-sidebar-layout":"default","site-content-layout":"default","ast-site-content-layout":"","site-content-style":"default","site-sidebar-style":"default","ast-global-header-display":"","ast-banner-title-visibility":"","ast-main-header-display":"","ast-hfb-above-header-display":"","ast-hfb-below-header-display":"","ast-hfb-mobile-header-display":"","site-post-title":"","ast-breadcrumbs-content":"","ast-featured-img":"","footer-sml-layout":"","theme-transparent-header-meta":"default","adv-header-id-meta":"","stick-header-meta":"","header-above-stick-meta":"","header-main-stick-meta":"","header-below-stick-meta":"","astra-migrate-meta-layouts":"default","ast-page-background-enabled":"default","ast-page-background-meta":{"desktop":{"background-color":"","background-image":"","background-repeat":"repeat","background-position":"center center","background-size":"auto","background-attachment":"scroll","background-type":"","background-media":"","overlay-type":"","overlay-color":"","overlay-opacity":"","overlay-gradient":""},"tablet":{"background-color":"","background-image":"","background-repeat":"repeat","background-position":"center center","background-size":"auto","background-attachment":"scroll","background-type":"","background-media":"","overlay-type":"","overlay-color":"","overlay-opacity":"","overlay-gradient":""},"mobile":{"background-color":"","background-image":"","background-repeat":"repeat","background-position":"center center","background-size":"auto","background-attachment":"scroll","background-type":"","background-media":"","overlay-type":"","overlay-color":"","overlay-opacity":"","overlay-gradient":""}},"ast-content-background-meta":{"desktop":{"background-color":"var(--ast-global-color-5)","background-image":"","background-repeat":"repeat","background-position":"center center","background-size":"auto","background-attachment":"scroll","background-type":"","background-media":"","overlay-type":"","overlay-color":"","overlay-opacity":"","overlay-gradient":""},"tablet":{"background-color":"var(--ast-global-color-5)","background-image":"","background-repeat":"repeat","background-position":"center center","background-size":"auto","background-attachment":"scroll","background-type":"","background-media":"","overlay-type":"","overlay-color":"","overlay-opacity":"","overlay-gradient":""},"mobile":{"background-color":"var(--ast-global-color-5)","background-image":"","background-repeat":"repeat","background-position":"center center","background-size":"auto","background-attachment":"scroll","background-type":"","background-media":"","overlay-type":"","overlay-color":"","overlay-opacity":"","overlay-gradient":""}},"footnotes":""},"class_list":["post-3","page","type-page","status-publish","hentry"],"_links":{"self":[{"href":"https:\/\/www.internetiturundus.ee\/koolitused\/wp-json\/wp\/v2\/pages\/3","targetHints":{"allow":["GET"]}}],"collection":[{"href":"https:\/\/www.internetiturundus.ee\/koolitused\/wp-json\/wp\/v2\/pages"}],"about":[{"href":"https:\/\/www.internetiturundus.ee\/koolitused\/wp-json\/wp\/v2\/types\/page"}],"author":[{"embeddable":true,"href":"https:\/\/www.internetiturundus.ee\/koolitused\/wp-json\/wp\/v2\/users\/1"}],"replies":[{"embeddable":true,"href":"https:\/\/www.internetiturundus.ee\/koolitused\/wp-json\/wp\/v2\/comments?post=3"}],"version-history":[{"count":4,"href":"https:\/\/www.internetiturundus.ee\/koolitused\/wp-json\/wp\/v2\/pages\/3\/revisions"}],"predecessor-version":[{"id":1516,"href":"https:\/\/www.internetiturundus.ee\/koolitused\/wp-json\/wp\/v2\/pages\/3\/revisions\/1516"}],"wp:attachment":[{"href":"https:\/\/www.internetiturundus.ee\/koolitused\/wp-json\/wp\/v2\/media?parent=3"}],"curies":[{"name":"wp","href":"https:\/\/api.w.org\/{rel}","templated":true}]}}